{"id":2,"date":"2011-07-19T13:08:16","date_gmt":"2011-07-19T13:08:16","guid":{"rendered":"http:\/\/restaurant-lescarroz.com\/?page_id=2"},"modified":"2025-12-06T08:03:21","modified_gmt":"2025-12-06T07:03:21","slug":"presentation","status":"publish","type":"page","link":"https:\/\/restaurant-lescarroz.com\/accueil\/presentation\/","title":{"rendered":"Pr\u00e9sentation"},"content":{"rendered":"\n<style type=\"text\/css\" data-created_by=\"avia_inline_auto\" id=\"style-css-av-mity4pt3-f78632f0618000e1c3d0990e428b5a85\">\n.flex_column.av-mity4pt3-f78632f0618000e1c3d0990e428b5a85{\npadding:0 100px 0 100px;\n}\n.avia_transform .flex_column.av-mity4pt3-f78632f0618000e1c3d0990e428b5a85{\nanimation-duration:4s;\n}\n<\/style>\n<div  class='flex_column av-mity4pt3-f78632f0618000e1c3d0990e428b5a85 av_one_full  avia-builder-el-0  avia-builder-el-no-sibling  first flex_column_div av-animated-generic top-to-bottom  '     ><section  class='av_textblock_section av-mity3ok5-42a74908d62697f3cde0ab3c5cdc2d86 '   itemscope=\"itemscope\" itemtype=\"https:\/\/schema.org\/CreativeWork\" ><div class='avia_textblock'  itemprop=\"text\" ><h5><span class=\"Apple-style-span\" style=\"font-size: 15px;\">Alexandre et Patrick Chabert se font un plaisir de vous recevoir dans leur \u00e9tablissement, qui privil\u00e9gie la qualit\u00e9, du service comme de l&rsquo;assiette !<\/span><\/h5>\n<p>Fond\u00e9 en 1988, le restaurant-brasserie \u00ab\u00a0Les Molliets\u00a0\u00bb a la r\u00e9putation de plats simples et authentiques, privil\u00e9giant le produit frais \u00e0 qualit\u00e9 gustative. Cuisine traditionnelle, viandes go\u00fbteuses, sauces aux champignons, plats savoyards, plats du jour ou desserts maison, tout est mis en \u0153uvre dans notre cuisine, tenue et soign\u00e9e par notre chef Rapha\u00ebl, soucieux de ses pr\u00e9parations.<\/p>\n<p>Son cadre chaleureux, dont les murs datent de plus de 230 ans, ancien chalet d&rsquo;alpage, et sa situation privil\u00e9gi\u00e9e sur le domaine skiable des Carroz, aussi bien que son acc\u00e8s ais\u00e9 par la route de Flaine en font un lieu de d\u00e9tente, de rencontres et de plaisir, tr\u00e8s accessible! Vous pouvez y arriver skis aux pieds, prendre votre forfait \u00e0 30 m\u00e8tres du chalet, garer votre voiture sur le grand parking du t\u00e9l\u00e9si\u00e8ge des Molliets, profiter du soleil sur notre grande terrasse\u2026<\/p>\n<p>Au gr\u00e9 de votre visite sur notre site internet, nous esp\u00e9rons vous donner l&rsquo;envie de venir (ou revenir) nous rendre visite, \u00e9t\u00e9 comme hiver, vous serez toujours les bienvenu\u2022e\u2022s\u2026<\/p>\n<p style=\"text-align: right;\"><strong>Amicalement, l&rsquo;\u00e9quipe des Molliets<br \/>\n<\/strong><\/p>\n<\/div><\/section><\/div>\n","protected":false},"excerpt":{"rendered":"","protected":false},"author":2,"featured_media":428,"parent":0,"menu_order":0,"comment_status":"closed","ping_status":"open","template":"","meta":{"footnotes":""},"class_list":["post-2","page","type-page","status-publish","has-post-thumbnail","hentry"],"yoast_head":"<!-- This site is optimized with the Yoast SEO plugin v27.4 - https:\/\/yoast.com\/product\/yoast-seo-wordpress\/ -->\n<title>Pr\u00e9sentation - Restaurant | Brasserie - Chalet des Molliets - Les Carroz<\/title>\n<meta name=\"description\" content=\"Fond\u00e9 en 1988, le restaurant a la r\u00e9putation de plats simples et authentiques, privil\u00e9giant le produit frais \u00e0 qualit\u00e9 gustative.\" \/>\n<meta name=\"robots\" content=\"index, follow, max-snippet:-1, max-image-preview:large, max-video-preview:-1\" \/>\n<link rel=\"canonical\" href=\"https:\/\/restaurant-lescarroz.com\/accueil\/presentation\/\" \/>\n<meta property=\"og:locale\" content=\"fr_FR\" \/>\n<meta property=\"og:type\" content=\"article\" \/>\n<meta property=\"og:title\" content=\"Pr\u00e9sentation - Restaurant | Brasserie - Chalet des Molliets - Les Carroz\" \/>\n<meta property=\"og:description\" content=\"Fond\u00e9 en 1988, le restaurant a la r\u00e9putation de plats simples et authentiques, privil\u00e9giant le produit frais \u00e0 qualit\u00e9 gustative.\" \/>\n<meta property=\"og:url\" content=\"https:\/\/restaurant-lescarroz.com\/accueil\/presentation\/\" \/>\n<meta property=\"og:site_name\" content=\"Restaurant | Brasserie - Chalet des Molliets - Les Carroz\" \/>\n<meta property=\"article:publisher\" content=\"https:\/\/www.facebook.com\/chaletlesmolliets\/\" \/>\n<meta property=\"article:modified_time\" content=\"2025-12-06T07:03:21+00:00\" \/>\n<meta name=\"twitter:card\" content=\"summary_large_image\" \/>\n<meta name=\"twitter:label1\" content=\"Dur\u00e9e de lecture estim\u00e9e\" \/>\n\t<meta name=\"twitter:data1\" content=\"1 minute\" \/>\n<script type=\"application\/ld+json\" class=\"yoast-schema-graph\">{\"@context\":\"https:\\\/\\\/schema.org\",\"@graph\":[{\"@type\":\"WebPage\",\"@id\":\"https:\\\/\\\/restaurant-lescarroz.com\\\/accueil\\\/presentation\\\/\",\"url\":\"https:\\\/\\\/restaurant-lescarroz.com\\\/accueil\\\/presentation\\\/\",\"name\":\"Pr\u00e9sentation - Restaurant | Brasserie - Chalet des Molliets - Les Carroz\",\"isPartOf\":{\"@id\":\"https:\\\/\\\/restaurant-lescarroz.com\\\/accueil\\\/#website\"},\"primaryImageOfPage\":{\"@id\":\"https:\\\/\\\/restaurant-lescarroz.com\\\/accueil\\\/presentation\\\/#primaryimage\"},\"image\":{\"@id\":\"https:\\\/\\\/restaurant-lescarroz.com\\\/accueil\\\/presentation\\\/#primaryimage\"},\"thumbnailUrl\":\"https:\\\/\\\/restaurant-lescarroz.com\\\/wp-content\\\/uploads\\\/2025\\\/12\\\/icon_molliets.svg\",\"datePublished\":\"2011-07-19T13:08:16+00:00\",\"dateModified\":\"2025-12-06T07:03:21+00:00\",\"description\":\"Fond\u00e9 en 1988, le restaurant a la r\u00e9putation de plats simples et authentiques, privil\u00e9giant le produit frais \u00e0 qualit\u00e9 gustative.\",\"breadcrumb\":{\"@id\":\"https:\\\/\\\/restaurant-lescarroz.com\\\/accueil\\\/presentation\\\/#breadcrumb\"},\"inLanguage\":\"fr-FR\",\"potentialAction\":[{\"@type\":\"ReadAction\",\"target\":[\"https:\\\/\\\/restaurant-lescarroz.com\\\/accueil\\\/presentation\\\/\"]}]},{\"@type\":\"ImageObject\",\"inLanguage\":\"fr-FR\",\"@id\":\"https:\\\/\\\/restaurant-lescarroz.com\\\/accueil\\\/presentation\\\/#primaryimage\",\"url\":\"https:\\\/\\\/restaurant-lescarroz.com\\\/wp-content\\\/uploads\\\/2025\\\/12\\\/icon_molliets.svg\",\"contentUrl\":\"https:\\\/\\\/restaurant-lescarroz.com\\\/wp-content\\\/uploads\\\/2025\\\/12\\\/icon_molliets.svg\"},{\"@type\":\"BreadcrumbList\",\"@id\":\"https:\\\/\\\/restaurant-lescarroz.com\\\/accueil\\\/presentation\\\/#breadcrumb\",\"itemListElement\":[{\"@type\":\"ListItem\",\"position\":1,\"name\":\"Accueil\",\"item\":\"https:\\\/\\\/restaurant-lescarroz.com\\\/accueil\\\/\"},{\"@type\":\"ListItem\",\"position\":2,\"name\":\"Pr\u00e9sentation\"}]},{\"@type\":\"WebSite\",\"@id\":\"https:\\\/\\\/restaurant-lescarroz.com\\\/accueil\\\/#website\",\"url\":\"https:\\\/\\\/restaurant-lescarroz.com\\\/accueil\\\/\",\"name\":\"Restaurant | Brasserie - Chalet des Molliets - Les Carroz\",\"description\":\"Chabert P\u00e8re &amp; Fils\",\"publisher\":{\"@id\":\"https:\\\/\\\/restaurant-lescarroz.com\\\/accueil\\\/#organization\"},\"potentialAction\":[{\"@type\":\"SearchAction\",\"target\":{\"@type\":\"EntryPoint\",\"urlTemplate\":\"https:\\\/\\\/restaurant-lescarroz.com\\\/accueil\\\/?s={search_term_string}\"},\"query-input\":{\"@type\":\"PropertyValueSpecification\",\"valueRequired\":true,\"valueName\":\"search_term_string\"}}],\"inLanguage\":\"fr-FR\"},{\"@type\":\"Organization\",\"@id\":\"https:\\\/\\\/restaurant-lescarroz.com\\\/accueil\\\/#organization\",\"name\":\"Restaurant | Brasserie - Chalet des Molliets - Les Carroz\",\"url\":\"https:\\\/\\\/restaurant-lescarroz.com\\\/accueil\\\/\",\"logo\":{\"@type\":\"ImageObject\",\"inLanguage\":\"fr-FR\",\"@id\":\"https:\\\/\\\/restaurant-lescarroz.com\\\/accueil\\\/#\\\/schema\\\/logo\\\/image\\\/\",\"url\":\"http:\\\/\\\/restaurant-lescarroz.com\\\/wp-content\\\/uploads\\\/2025\\\/12\\\/molliets_2026.svg\",\"contentUrl\":\"http:\\\/\\\/restaurant-lescarroz.com\\\/wp-content\\\/uploads\\\/2025\\\/12\\\/molliets_2026.svg\",\"width\":1,\"height\":1,\"caption\":\"Restaurant | Brasserie - Chalet des Molliets - Les Carroz\"},\"image\":{\"@id\":\"https:\\\/\\\/restaurant-lescarroz.com\\\/accueil\\\/#\\\/schema\\\/logo\\\/image\\\/\"},\"sameAs\":[\"https:\\\/\\\/www.facebook.com\\\/chaletlesmolliets\\\/\"]}]}<\/script>\n<!-- \/ Yoast SEO plugin. -->","yoast_head_json":{"title":"Pr\u00e9sentation - Restaurant | Brasserie - Chalet des Molliets - Les Carroz","description":"Fond\u00e9 en 1988, le restaurant a la r\u00e9putation de plats simples et authentiques, privil\u00e9giant le produit frais \u00e0 qualit\u00e9 gustative.","robots":{"index":"index","follow":"follow","max-snippet":"max-snippet:-1","max-image-preview":"max-image-preview:large","max-video-preview":"max-video-preview:-1"},"canonical":"https:\/\/restaurant-lescarroz.com\/accueil\/presentation\/","og_locale":"fr_FR","og_type":"article","og_title":"Pr\u00e9sentation - Restaurant | Brasserie - Chalet des Molliets - Les Carroz","og_description":"Fond\u00e9 en 1988, le restaurant a la r\u00e9putation de plats simples et authentiques, privil\u00e9giant le produit frais \u00e0 qualit\u00e9 gustative.","og_url":"https:\/\/restaurant-lescarroz.com\/accueil\/presentation\/","og_site_name":"Restaurant | Brasserie - Chalet des Molliets - Les Carroz","article_publisher":"https:\/\/www.facebook.com\/chaletlesmolliets\/","article_modified_time":"2025-12-06T07:03:21+00:00","twitter_card":"summary_large_image","twitter_misc":{"Dur\u00e9e de lecture estim\u00e9e":"1 minute"},"schema":{"@context":"https:\/\/schema.org","@graph":[{"@type":"WebPage","@id":"https:\/\/restaurant-lescarroz.com\/accueil\/presentation\/","url":"https:\/\/restaurant-lescarroz.com\/accueil\/presentation\/","name":"Pr\u00e9sentation - Restaurant | Brasserie - Chalet des Molliets - Les Carroz","isPartOf":{"@id":"https:\/\/restaurant-lescarroz.com\/accueil\/#website"},"primaryImageOfPage":{"@id":"https:\/\/restaurant-lescarroz.com\/accueil\/presentation\/#primaryimage"},"image":{"@id":"https:\/\/restaurant-lescarroz.com\/accueil\/presentation\/#primaryimage"},"thumbnailUrl":"https:\/\/restaurant-lescarroz.com\/wp-content\/uploads\/2025\/12\/icon_molliets.svg","datePublished":"2011-07-19T13:08:16+00:00","dateModified":"2025-12-06T07:03:21+00:00","description":"Fond\u00e9 en 1988, le restaurant a la r\u00e9putation de plats simples et authentiques, privil\u00e9giant le produit frais \u00e0 qualit\u00e9 gustative.","breadcrumb":{"@id":"https:\/\/restaurant-lescarroz.com\/accueil\/presentation\/#breadcrumb"},"inLanguage":"fr-FR","potentialAction":[{"@type":"ReadAction","target":["https:\/\/restaurant-lescarroz.com\/accueil\/presentation\/"]}]},{"@type":"ImageObject","inLanguage":"fr-FR","@id":"https:\/\/restaurant-lescarroz.com\/accueil\/presentation\/#primaryimage","url":"https:\/\/restaurant-lescarroz.com\/wp-content\/uploads\/2025\/12\/icon_molliets.svg","contentUrl":"https:\/\/restaurant-lescarroz.com\/wp-content\/uploads\/2025\/12\/icon_molliets.svg"},{"@type":"BreadcrumbList","@id":"https:\/\/restaurant-lescarroz.com\/accueil\/presentation\/#breadcrumb","itemListElement":[{"@type":"ListItem","position":1,"name":"Accueil","item":"https:\/\/restaurant-lescarroz.com\/accueil\/"},{"@type":"ListItem","position":2,"name":"Pr\u00e9sentation"}]},{"@type":"WebSite","@id":"https:\/\/restaurant-lescarroz.com\/accueil\/#website","url":"https:\/\/restaurant-lescarroz.com\/accueil\/","name":"Restaurant | Brasserie - Chalet des Molliets - Les Carroz","description":"Chabert P\u00e8re &amp; Fils","publisher":{"@id":"https:\/\/restaurant-lescarroz.com\/accueil\/#organization"},"potentialAction":[{"@type":"SearchAction","target":{"@type":"EntryPoint","urlTemplate":"https:\/\/restaurant-lescarroz.com\/accueil\/?s={search_term_string}"},"query-input":{"@type":"PropertyValueSpecification","valueRequired":true,"valueName":"search_term_string"}}],"inLanguage":"fr-FR"},{"@type":"Organization","@id":"https:\/\/restaurant-lescarroz.com\/accueil\/#organization","name":"Restaurant | Brasserie - Chalet des Molliets - Les Carroz","url":"https:\/\/restaurant-lescarroz.com\/accueil\/","logo":{"@type":"ImageObject","inLanguage":"fr-FR","@id":"https:\/\/restaurant-lescarroz.com\/accueil\/#\/schema\/logo\/image\/","url":"http:\/\/restaurant-lescarroz.com\/wp-content\/uploads\/2025\/12\/molliets_2026.svg","contentUrl":"http:\/\/restaurant-lescarroz.com\/wp-content\/uploads\/2025\/12\/molliets_2026.svg","width":1,"height":1,"caption":"Restaurant | Brasserie - Chalet des Molliets - Les Carroz"},"image":{"@id":"https:\/\/restaurant-lescarroz.com\/accueil\/#\/schema\/logo\/image\/"},"sameAs":["https:\/\/www.facebook.com\/chaletlesmolliets\/"]}]}},"_links":{"self":[{"href":"https:\/\/restaurant-lescarroz.com\/accueil\/wp-json\/wp\/v2\/pages\/2","targetHints":{"allow":["GET"]}}],"collection":[{"href":"https:\/\/restaurant-lescarroz.com\/accueil\/wp-json\/wp\/v2\/pages"}],"about":[{"href":"https:\/\/restaurant-lescarroz.com\/accueil\/wp-json\/wp\/v2\/types\/page"}],"author":[{"embeddable":true,"href":"https:\/\/restaurant-lescarroz.com\/accueil\/wp-json\/wp\/v2\/users\/2"}],"replies":[{"embeddable":true,"href":"https:\/\/restaurant-lescarroz.com\/accueil\/wp-json\/wp\/v2\/comments?post=2"}],"version-history":[{"count":2,"href":"https:\/\/restaurant-lescarroz.com\/accueil\/wp-json\/wp\/v2\/pages\/2\/revisions"}],"predecessor-version":[{"id":450,"href":"https:\/\/restaurant-lescarroz.com\/accueil\/wp-json\/wp\/v2\/pages\/2\/revisions\/450"}],"wp:featuredmedia":[{"embeddable":true,"href":"https:\/\/restaurant-lescarroz.com\/accueil\/wp-json\/wp\/v2\/media\/428"}],"wp:attachment":[{"href":"https:\/\/restaurant-lescarroz.com\/accueil\/wp-json\/wp\/v2\/media?parent=2"}],"curies":[{"name":"wp","href":"https:\/\/api.w.org\/{rel}","templated":true}]}}